{"id":89,"date":"2020-06-23T18:01:27","date_gmt":"2020-06-23T18:01:27","guid":{"rendered":"http:\/\/adorolminden.hu\/?page_id=89"},"modified":"2020-08-25T05:34:14","modified_gmt":"2020-08-25T05:34:14","slug":"szolgaltatasok","status":"publish","type":"page","link":"https:\/\/adorolminden.hu\/?page_id=89","title":{"rendered":"Szolg\u00e1ltat\u00e1sok"},"content":{"rendered":"\n<h2 class=\"wp-block-heading\">Ad\u00f3tan\u00e1csad\u00e1s<\/h2>\n\n\n\n<div class=\"wp-block-group\"><div class=\"wp-block-group__inner-container is-layout-flow wp-block-group-is-layout-flow\">\n<p>A k\u00f6lts\u00e9gek optimaliz\u00e1l\u00e1sa minden c\u00e9gvezet\u0151 egyik jogos ig\u00e9nye. Minden v\u00e1llalkoz\u00e1s sz\u00e1m\u00e1ra fontos, hogy a megfelel\u0151 ad\u00f3z\u00e1si m\u00f3dot v\u00e1lassza ki, amely a saj\u00e1t ig\u00e9nyeinek figyelembe v\u00e9tel\u00e9vel ker\u00fcl kiv\u00e1laszt\u00e1sra.<\/p>\n\n\n\n<p>A folyamatosan v\u00e1ltoz\u00f3 sz\u00e1mos jogszab\u00e1ly nyomon k\u00f6vet\u00e9se kiemelt feladat, ak\u00e1r \u00faj, ak\u00e1r megl\u00e9v\u0151 c\u00e9gr\u0151l van sz\u00f3.<\/p>\n<\/div><\/div>\n\n\n\n<h2 class=\"wp-block-heading\">K\u00f6nyvel\u00e9s<\/h2>\n\n\n\n<p>A sz\u00e1ml\u00e1k k\u00f6nyvel\u00e9se, besz\u00e1mol\u00f3k k\u00e9sz\u00edt\u00e9se, bevall\u00e1sok lead\u00e1sa \u00e9s a hat\u00e1rid\u0151k prec\u00edz betart\u00e1sa komoly szak\u00e9rtelmet, jogszab\u00e1lyi nyomonk\u00f6vet\u00e9st \u00e9s odafigyel\u00e9st, k\u00edv\u00e1n.<\/p>\n\n\n\n<h2 class=\"wp-block-heading\">B\u00e9rsz\u00e1mfejt\u00e9s<\/h2>\n\n\n\n<p>A saj\u00e1t, ill. az alkalmazottjai b\u00e9rsz\u00e1mfejt\u00e9s\u00e9n\u00e9l fontos, az \u00e1lland\u00f3 v\u00e1ltoz\u00e1sok k\u00f6vet\u00e9se betart\u00e1sa, hogy a kifizet\u00e9s, a j\u00e1rul\u00e9k \u00e9s a levon\u00e1s megfelel\u0151en legyen elsz\u00e1molva \u00e9s bevallva.<\/p>\n\n\n\n<p style=\"color:#590017;font-size:30px\" class=\"has-text-color\"><strong>Kimutat\u00e1s k\u00e9sz\u00edt\u00e9se<\/strong><\/p>\n\n\n\n<p>Ha szeretn\u00e9 l\u00e1tni havi szinten <strong>grafikus<\/strong> \u00e9s <strong>t\u00e1bl\u00e1zatos<\/strong> form\u00e1ban bev\u00e9telei, kiad\u00e1sai \u00e9s ad\u00f3fizet\u00e9si k\u00f6telezetts\u00e9gei alakul\u00e1s\u00e1t, akkor erre is van lehet\u0151s\u00e9ge.<\/p>\n\n\n\n<p>A t\u00e1bl\u00e1zatb\u00f3l l\u00e1thatja a v\u00e1ltoz\u00e1st, elt\u00e9r\u00e9st \u00e9s v\u00e1laszt kaphat annak okaira.<\/p>\n\n\n\n<p><strong>Egyedi ig\u00e9nyek kidolgoz\u00e1s\u00e1ra is van lehet\u0151s\u00e9g.<\/strong><\/p>\n\n\n\n<p>Az id\u0151ben rendelkez\u00e9sre \u00e1ll\u00f3 inform\u00e1ci\u00f3 nagyban seg\u00edti gazd\u00e1lkod\u00e1s\u00e1t, al\u00e1t\u00e1masztja d\u00f6nt\u00e9seit.<\/p>\n","protected":false},"excerpt":{"rendered":"<p>Ad\u00f3tan\u00e1csad\u00e1s A k\u00f6lts\u00e9gek optimaliz\u00e1l\u00e1sa minden c\u00e9gvezet\u0151 egyik jogos ig\u00e9nye. Minden v\u00e1llalkoz\u00e1s sz\u00e1m\u00e1ra fontos, hogy a megfelel\u0151 ad\u00f3z\u00e1si m\u00f3dot v\u00e1lassza ki,&hellip;<\/p>\n","protected":false},"author":2,"featured_media":0,"parent":0,"menu_order":0,"comment_status":"closed","ping_status":"closed","template":"","meta":{"footnotes":""},"class_list":["post-89","page","type-page","status-publish","hentry"],"_links":{"self":[{"href":"https:\/\/adorolminden.hu\/index.php?rest_route=\/wp\/v2\/pages\/89"}],"collection":[{"href":"https:\/\/adorolminden.hu\/index.php?rest_route=\/wp\/v2\/pages"}],"about":[{"href":"https:\/\/adorolminden.hu\/index.php?rest_route=\/wp\/v2\/types\/page"}],"author":[{"embeddable":true,"href":"https:\/\/adorolminden.hu\/index.php?rest_route=\/wp\/v2\/users\/2"}],"replies":[{"embeddable":true,"href":"https:\/\/adorolminden.hu\/index.php?rest_route=%2Fwp%2Fv2%2Fcomments&post=89"}],"version-history":[{"count":5,"href":"https:\/\/adorolminden.hu\/index.php?rest_route=\/wp\/v2\/pages\/89\/revisions"}],"predecessor-version":[{"id":229,"href":"https:\/\/adorolminden.hu\/index.php?rest_route=\/wp\/v2\/pages\/89\/revisions\/229"}],"wp:attachment":[{"href":"https:\/\/adorolminden.hu\/index.php?rest_route=%2Fwp%2Fv2%2Fmedia&parent=89"}],"curies":[{"name":"wp","href":"https:\/\/api.w.org\/{rel}","templated":true}]}}