{"id":86,"date":"2020-06-23T17:47:03","date_gmt":"2020-06-23T17:47:03","guid":{"rendered":"http:\/\/adorolminden.hu\/?page_id=86"},"modified":"2020-07-17T04:53:39","modified_gmt":"2020-07-17T04:53:39","slug":"garancia","status":"publish","type":"page","link":"https:\/\/adorolminden.hu\/?page_id=86","title":{"rendered":"Garancia"},"content":{"rendered":"\n<div class=\"wp-block-group\"><div class=\"wp-block-group__inner-container is-layout-flow wp-block-group-is-layout-flow\">\n<p>C\u00e9gem az elk\u00e9sz\u00edtett k\u00f6nyvel\u00e9s, ad\u00f3bevall\u00e1sok \u00e9s a besz\u00e1mol\u00f3k sz\u00e1mszaki helyess\u00e9g\u00e9\u00e9rt, a jogszab\u00e1lyoknak val\u00f3 megfelel\u00e9s\u00e9rt \u00e9s a hat\u00e1rid\u0151ben t\u00f6rt\u00e9n\u0151 beny\u00fajt\u00e1s\u00e9rt felel\u0151ss\u00e9get v\u00e1llal.<\/p>\n\n\n\n<p>Szakmai felel\u0151ss\u00e9gbiztos\u00edt\u00e1ssal rendelkezem.<\/p>\n\n\n\n<p>A miniszt\u00e9riumban nyilv\u00e1ntartott regisztr\u00e1ci\u00f3val rendelkezem ad\u00f3tan\u00e1csad\u00f3i \u00e9s m\u00e9rlegk\u00e9pes k\u00f6nyvel\u0151i ter\u00fcleten egyar\u00e1nt.<\/p>\n\n\n\n<p><\/p>\n<\/div><\/div>\n","protected":false},"excerpt":{"rendered":"<p>C\u00e9gem az elk\u00e9sz\u00edtett k\u00f6nyvel\u00e9s, ad\u00f3bevall\u00e1sok \u00e9s a besz\u00e1mol\u00f3k sz\u00e1mszaki helyess\u00e9g\u00e9\u00e9rt, a jogszab\u00e1lyoknak val\u00f3 megfelel\u00e9s\u00e9rt \u00e9s a hat\u00e1rid\u0151ben t\u00f6rt\u00e9n\u0151 beny\u00fajt\u00e1s\u00e9rt felel\u0151ss\u00e9get&hellip;<\/p>\n","protected":false},"author":2,"featured_media":0,"parent":0,"menu_order":0,"comment_status":"closed","ping_status":"closed","template":"","meta":{"footnotes":""},"class_list":["post-86","page","type-page","status-publish","hentry"],"_links":{"self":[{"href":"https:\/\/adorolminden.hu\/index.php?rest_route=\/wp\/v2\/pages\/86"}],"collection":[{"href":"https:\/\/adorolminden.hu\/index.php?rest_route=\/wp\/v2\/pages"}],"about":[{"href":"https:\/\/adorolminden.hu\/index.php?rest_route=\/wp\/v2\/types\/page"}],"author":[{"embeddable":true,"href":"https:\/\/adorolminden.hu\/index.php?rest_route=\/wp\/v2\/users\/2"}],"replies":[{"embeddable":true,"href":"https:\/\/adorolminden.hu\/index.php?rest_route=%2Fwp%2Fv2%2Fcomments&post=86"}],"version-history":[{"count":2,"href":"https:\/\/adorolminden.hu\/index.php?rest_route=\/wp\/v2\/pages\/86\/revisions"}],"predecessor-version":[{"id":215,"href":"https:\/\/adorolminden.hu\/index.php?rest_route=\/wp\/v2\/pages\/86\/revisions\/215"}],"wp:attachment":[{"href":"https:\/\/adorolminden.hu\/index.php?rest_route=%2Fwp%2Fv2%2Fmedia&parent=86"}],"curies":[{"name":"wp","href":"https:\/\/api.w.org\/{rel}","templated":true}]}}