{"id":32,"date":"2020-06-22T21:36:00","date_gmt":"2020-06-22T21:36:00","guid":{"rendered":"http:\/\/adorolminden.hu\/?page_id=32"},"modified":"2026-02-03T15:46:22","modified_gmt":"2026-02-03T15:46:22","slug":"arak","status":"publish","type":"page","link":"https:\/\/adorolminden.hu\/?page_id=32","title":{"rendered":"\u00c1rak"},"content":{"rendered":"\n<h2 class=\"wp-block-heading\">K\u00f6nyvel\u00e9si d\u00edjak:<\/h2>\n\n\n\n<p><strong>\u00c1raim a c\u00e9ge \u00e9ves \u00e1rbev\u00e9tel\u00e9t\u0151l f\u00fcgg\u0151en is v\u00e1ltoznak, hiszen nagyobb \u00e1rbev\u00e9tel\u0171 c\u00e9g k\u00f6nyvel\u00e9se nagyobb szakmai felel\u0151ss\u00e9ggel is j\u00e1r. Magasabb k\u00f6nyvel\u00e9si t\u00e9telsz\u00e1m felett egyedi \u00e1raj\u00e1nlatot k\u00e9sz\u00edtek!<\/strong> <\/p>\n\n\n\n<p><strong>Az oldalon felt\u00fcntetett \u00e1rakat m\u00e9g 27 %-os \u00c1FA terheli.<\/strong><\/p>\n\n\n\n<div class=\"wp-block-group\"><div class=\"wp-block-group__inner-container is-layout-flow wp-block-group-is-layout-flow\">\n<p><mark style=\"background-color:rgba(0, 0, 0, 0)\" class=\"has-inline-color has-secondary-color\"><strong>Egy\u00e9ni v\u00e1llalkoz\u00e1s eset\u00e9n ir\u00e1nyad\u00f3 t\u00e9telsz\u00e1m:<\/strong><\/mark><\/p>\n\n\n\n<div class=\"wp-block-group\"><div class=\"wp-block-group__inner-container is-layout-flow wp-block-group-is-layout-flow\">\n<ul class=\"wp-block-list\">\n<li>15 db bej\u00f6v\u0151 sz\u00e1mla <\/li>\n\n\n\n<li>15 db kimen\u0151 sz\u00e1mla<\/li>\n\n\n\n<li>1 db banksz\u00e1mla vezet\u00e9se<\/li>\n\n\n\n<li>1 db h\u00e1zip\u00e9nzt\u00e1r vezet\u00e9se<\/li>\n\n\n\n<li>1 f\u0151 b\u00e9rsz\u00e1mfejt\u00e9se<\/li>\n\n\n\n<li>\u00c9ves 5 milli\u00f3 Ft \u00e1rbev\u00e9telig<\/li>\n<\/ul>\n\n\n\n<p><\/p>\n\n\n\n<div class=\"wp-block-group\"><div class=\"wp-block-group__inner-container is-layout-flow wp-block-group-is-layout-flow\">\n<p><strong>T\u00e1rsas\u00e1gok eset\u00e9n ir\u00e1nyad\u00f3 t\u00e9telsz\u00e1m:<\/strong><\/p>\n\n\n\n<ul class=\"wp-block-list\">\n<li>15 db bej\u00f6v\u0151 sz\u00e1mla <\/li>\n\n\n\n<li>15 db kimen\u0151 sz\u00e1mla<\/li>\n\n\n\n<li>1 db banksz\u00e1mla vezet\u00e9se<\/li>\n\n\n\n<li>1 db h\u00e1zip\u00e9nzt\u00e1r vezet\u00e9se<\/li>\n\n\n\n<li>1 f\u0151 b\u00e9rsz\u00e1mfejt\u00e9se<\/li>\n\n\n\n<li>\u00c9ves 50 milli\u00f3 Ft \u00e1rbev\u00e9telig<\/li>\n<\/ul>\n<\/div><\/div>\n<\/div><\/div>\n<\/div><\/div>\n\n\n\n<div class=\"wp-block-group\"><div class=\"wp-block-group__inner-container is-layout-flow wp-block-group-is-layout-flow\">\n<p><strong>Alapd\u00edjaim a k\u00f6vetkez\u0151 \u00f6sszegekt\u0151l indulnak:<\/strong><\/p>\n\n\n\n<ul class=\"wp-block-list\">\n<li>t\u00e1rsas v\u00e1llalkoz\u00e1sok k\u00f6nyvel\u00e9si d\u00edja havonta 50.000 Ft-t\u00f3l<\/li>\n\n\n\n<li>egy\u00e9ni v\u00e1llalkoz\u00f3k k\u00f6nyvel\u00e9si d\u00edja havonta 30.000 Ft-t\u00f3l<\/li>\n\n\n\n<li>b\u00e9rsz\u00e1mfejt\u00e9s szem\u00e9lyenk\u00e9nt 5.000 Ft-t\u00f3l<\/li>\n\n\n\n<li>az \u00e9ves egyszeri bevall\u00e1sok elk\u00e9sz\u00edt\u00e9se (TAO, IPA) 30.000 Ft-t\u00f3l<\/li>\n\n\n\n<li>\u00e9vv\u00e9gi besz\u00e1mol\u00f3 k\u00e9sz\u00edt\u00e9se: + 1 havi k\u00f6nyvel\u00e9si d\u00edj\n<ul class=\"wp-block-list\">\n<li>egyszer\u0171s\u00edtett m\u00e9rleg \u00e9s eredm\u00e9ny levezet\u00e9s<\/li>\n\n\n\n<li>egyszer\u0171s\u00edtett \u00e9ves besz\u00e1mol\u00f3<\/li>\n\n\n\n<li>\u00e9ves besz\u00e1mol\u00f3<\/li>\n<\/ul>\n<\/li>\n\n\n\n<li>visszamen\u0151leges k\u00f6nyvel\u00e9s meg\u00e1llapod\u00e1s szerint<\/li>\n\n\n\n<li>mag\u00e1nszem\u00e9lyek \u00e9ves SZJA bevall\u00e1sa 20.000 Ft-t\u00f3l<\/li>\n\n\n\n<li>sz\u00e1mviteli szab\u00e1lyzatok k\u00e9sz\u00edt\u00e9se szab\u00e1lyzatonk\u00e9nt 20-30.000 Ft-t\u00f3l<\/li>\n\n\n\n<li>KSH jelent\u00e9sek 20.000 Ft-t\u00f3l<\/li>\n\n\n\n<li>\u00fcgyf\u00e9lk\u00f6r\u00f6n k\u00edv\u00fcli ad\u00f3tan\u00e1csad\u00e1s (minden megkezdett \u00f3ra) 20.000 Ft\/\u00f3ra<\/li>\n\n\n\n<li>ad\u00f3hat\u00f3s\u00e1gi k\u00e9pviselet megegyez\u00e9s szerint<\/li>\n<\/ul>\n\n\n\n<p><\/p>\n<\/div><\/div>\n\n\n\n<p><\/p>\n","protected":false},"excerpt":{"rendered":"<p>K\u00f6nyvel\u00e9si d\u00edjak: \u00c1raim a c\u00e9ge \u00e9ves \u00e1rbev\u00e9tel\u00e9t\u0151l f\u00fcgg\u0151en is v\u00e1ltoznak, hiszen nagyobb \u00e1rbev\u00e9tel\u0171 c\u00e9g k\u00f6nyvel\u00e9se nagyobb szakmai felel\u0151ss\u00e9ggel is j\u00e1r.&hellip;<\/p>\n","protected":false},"author":1,"featured_media":0,"parent":0,"menu_order":0,"comment_status":"closed","ping_status":"closed","template":"","meta":{"footnotes":""},"class_list":["post-32","page","type-page","status-publish","hentry"],"_links":{"self":[{"href":"https:\/\/adorolminden.hu\/index.php?rest_route=\/wp\/v2\/pages\/32"}],"collection":[{"href":"https:\/\/adorolminden.hu\/index.php?rest_route=\/wp\/v2\/pages"}],"about":[{"href":"https:\/\/adorolminden.hu\/index.php?rest_route=\/wp\/v2\/types\/page"}],"author":[{"embeddable":true,"href":"https:\/\/adorolminden.hu\/index.php?rest_route=\/wp\/v2\/users\/1"}],"replies":[{"embeddable":true,"href":"https:\/\/adorolminden.hu\/index.php?rest_route=%2Fwp%2Fv2%2Fcomments&post=32"}],"version-history":[{"count":20,"href":"https:\/\/adorolminden.hu\/index.php?rest_route=\/wp\/v2\/pages\/32\/revisions"}],"predecessor-version":[{"id":330,"href":"https:\/\/adorolminden.hu\/index.php?rest_route=\/wp\/v2\/pages\/32\/revisions\/330"}],"wp:attachment":[{"href":"https:\/\/adorolminden.hu\/index.php?rest_route=%2Fwp%2Fv2%2Fmedia&parent=32"}],"curies":[{"name":"wp","href":"https:\/\/api.w.org\/{rel}","templated":true}]}}