{"id":250,"date":"2020-11-06T08:56:24","date_gmt":"2020-11-06T08:56:24","guid":{"rendered":"http:\/\/adorolminden.hu\/?page_id=250"},"modified":"2020-11-06T08:56:24","modified_gmt":"2020-11-06T08:56:24","slug":"impresszum","status":"publish","type":"page","link":"https:\/\/adorolminden.hu\/?page_id=250","title":{"rendered":"Impresszum"},"content":{"rendered":"\n<p><strong>C\u00e9gn\u00e9v: <\/strong>B-L Alhambra EC.<\/p>\n\n\n\n<p><strong>C\u00edm: <\/strong>2500 Esztergom, Petz testv\u00e9rek utca 16\/b.<\/p>\n\n\n\n<p><strong>E-mail: <\/strong><a href=\"mailto:info@adorolminden.hu\">info@adorolminden.hu<\/a><\/p>\n\n\n\n<p><strong>A c\u00e9get bejegyz\u0151 hat\u00f3s\u00e1g: <\/strong>Tatab\u00e1nyai T\u00f6rv\u00e9nysz\u00e9k C\u00e9gb\u00edr\u00f3s\u00e1ga<\/p>\n\n\n\n<p><strong>C\u00e9gjegyz\u00e9ksz\u00e1m: <\/strong>11-11001563<\/p>\n\n\n\n<p><strong>Ad\u00f3sz\u00e1m: <\/strong>22600718-1-11<\/p>\n\n\n\n<p><strong>Kamara: <\/strong>Kom\u00e1rom-Esztergom Megyei Kereskedelmi \u00e9s Iparkamara<\/p>\n\n\n\n<p><strong>A t\u00e1rhelyszolg\u00e1ltat\u00f3 adatai:<\/strong>\u00a0<\/p>\n\n\n\n<p>Microsoft Azure (Microsoft Ireland Operations Limited, One Microsoft Place, South County Business Park, Leopardstown, Dublin 18, Ireland) Kapcsolat: Microsoft Azure port\u00e1l, Microsoft \u00fcgyf\u00e9lszolg\u00e1lata<\/p>\n","protected":false},"excerpt":{"rendered":"<p>C\u00e9gn\u00e9v: B-L Alhambra EC. C\u00edm: 2500 Esztergom, Petz testv\u00e9rek utca 16\/b. E-mail: info@adorolminden.hu A c\u00e9get bejegyz\u0151 hat\u00f3s\u00e1g: Tatab\u00e1nyai T\u00f6rv\u00e9nysz\u00e9k C\u00e9gb\u00edr\u00f3s\u00e1ga&hellip;<\/p>\n","protected":false},"author":1,"featured_media":0,"parent":0,"menu_order":0,"comment_status":"closed","ping_status":"closed","template":"","meta":{"footnotes":""},"class_list":["post-250","page","type-page","status-publish","hentry"],"_links":{"self":[{"href":"https:\/\/adorolminden.hu\/index.php?rest_route=\/wp\/v2\/pages\/250"}],"collection":[{"href":"https:\/\/adorolminden.hu\/index.php?rest_route=\/wp\/v2\/pages"}],"about":[{"href":"https:\/\/adorolminden.hu\/index.php?rest_route=\/wp\/v2\/types\/page"}],"author":[{"embeddable":true,"href":"https:\/\/adorolminden.hu\/index.php?rest_route=\/wp\/v2\/users\/1"}],"replies":[{"embeddable":true,"href":"https:\/\/adorolminden.hu\/index.php?rest_route=%2Fwp%2Fv2%2Fcomments&post=250"}],"version-history":[{"count":1,"href":"https:\/\/adorolminden.hu\/index.php?rest_route=\/wp\/v2\/pages\/250\/revisions"}],"predecessor-version":[{"id":251,"href":"https:\/\/adorolminden.hu\/index.php?rest_route=\/wp\/v2\/pages\/250\/revisions\/251"}],"wp:attachment":[{"href":"https:\/\/adorolminden.hu\/index.php?rest_route=%2Fwp%2Fv2%2Fmedia&parent=250"}],"curies":[{"name":"wp","href":"https:\/\/api.w.org\/{rel}","templated":true}]}}